{"id":2,"date":"2023-06-21T16:01:21","date_gmt":"2023-06-21T16:01:21","guid":{"rendered":"https:\/\/lsamultimedia.fr\/?page_id=2"},"modified":"2023-06-26T15:53:41","modified_gmt":"2023-06-26T15:53:41","slug":"sample-page","status":"publish","type":"page","link":"https:\/\/lsamultimedia.fr\/","title":{"rendered":"Accueil"},"content":{"rendered":"\t\t<div data-elementor-type=\"wp-page\" data-elementor-id=\"2\" class=\"elementor elementor-2\">\n\t\t\t\t\t\t\t\t\t<section class=\"elementor-section elementor-top-section elementor-element elementor-element-1ef8682 elementor-section-boxed elementor-section-height-default elementor-section-height-default wpr-particle-no wpr-jarallax-no wpr-parallax-no wpr-sticky-section-no\" data-id=\"1ef8682\" data-element_type=\"section\">\n\t\t\t\t\t\t<div class=\"elementor-container elementor-column-gap-default\">\n\t\t\t\t\t<div class=\"elementor-column elementor-col-33 elementor-top-column elementor-element elementor-element-fd261f0\" data-id=\"fd261f0\" data-element_type=\"column\">\n\t\t\t<div class=\"elementor-widget-wrap\">\n\t\t\t\t\t\t\t\t\t<\/div>\n\t\t<\/div>\n\t\t\t\t<div class=\"elementor-column elementor-col-33 elementor-top-column elementor-element elementor-element-f8fb04f\" data-id=\"f8fb04f\" data-element_type=\"column\">\n\t\t\t<div class=\"elementor-widget-wrap elementor-element-populated\">\n\t\t\t\t\t\t\t\t<div class=\"elementor-element elementor-element-cd6d627 elementor-widget elementor-widget-image\" data-id=\"cd6d627\" data-element_type=\"widget\" data-widget_type=\"image.default\">\n\t\t\t\t<div class=\"elementor-widget-container\">\n\t\t\t<style>\/*! elementor - v3.18.0 - 08-12-2023 *\/\n.elementor-widget-image{text-align:center}.elementor-widget-image a{display:inline-block}.elementor-widget-image a img[src$=\".svg\"]{width:48px}.elementor-widget-image img{vertical-align:middle;display:inline-block}<\/style>\t\t\t\t\t\t\t\t\t\t\t\t<img fetchpriority=\"high\" decoding=\"async\" width=\"1024\" height=\"390\" src=\"https:\/\/lsamultimedia.fr\/wp-content\/uploads\/2023\/06\/logo-e1687431055674-1024x390.jpeg\" class=\"attachment-large size-large wp-image-53\" alt=\"\" srcset=\"https:\/\/lsamultimedia.fr\/wp-content\/uploads\/2023\/06\/logo-e1687431055674-1024x390.jpeg 1024w, https:\/\/lsamultimedia.fr\/wp-content\/uploads\/2023\/06\/logo-e1687431055674-768x293.jpeg 768w, https:\/\/lsamultimedia.fr\/wp-content\/uploads\/2023\/06\/logo-e1687431055674-1536x585.jpeg 1536w\" sizes=\"(max-width: 1024px) 100vw, 1024px\" \/>\t\t\t\t\t\t\t\t\t\t\t\t\t\t\t<\/div>\n\t\t\t\t<\/div>\n\t\t\t\t\t<\/div>\n\t\t<\/div>\n\t\t\t\t<div class=\"elementor-column elementor-col-33 elementor-top-column elementor-element elementor-element-c2c2f53\" data-id=\"c2c2f53\" data-element_type=\"column\">\n\t\t\t<div class=\"elementor-widget-wrap\">\n\t\t\t\t\t\t\t\t\t<\/div>\n\t\t<\/div>\n\t\t\t\t\t\t\t<\/div>\n\t\t<\/section>\n\t\t\t\t<section class=\"elementor-section elementor-top-section elementor-element elementor-element-45a9d12 elementor-section-boxed elementor-section-height-default elementor-section-height-default wpr-particle-no wpr-jarallax-no wpr-parallax-no wpr-sticky-section-no\" data-id=\"45a9d12\" data-element_type=\"section\">\n\t\t\t\t\t\t<div class=\"elementor-container elementor-column-gap-default\">\n\t\t\t\t\t<div class=\"elementor-column elementor-col-33 elementor-top-column elementor-element elementor-element-83da0e7\" data-id=\"83da0e7\" data-element_type=\"column\">\n\t\t\t<div class=\"elementor-widget-wrap\">\n\t\t\t\t\t\t\t\t\t<\/div>\n\t\t<\/div>\n\t\t\t\t<div class=\"elementor-column elementor-col-33 elementor-top-column elementor-element elementor-element-e546c20\" data-id=\"e546c20\" data-element_type=\"column\">\n\t\t\t<div class=\"elementor-widget-wrap elementor-element-populated\">\n\t\t\t\t\t\t\t\t<div class=\"elementor-element elementor-element-69dd9f1 wpr-forms-submit-center wpr-forms-align-left elementor-widget elementor-widget-wpr-forms\" data-id=\"69dd9f1\" data-element_type=\"widget\" data-widget_type=\"wpr-forms.default\">\n\t\t\t\t<div class=\"elementor-widget-container\">\n\t\t\t<div class=\"wpr-forms-container wpr-custom-chk-radio\">\n<div class=\"wpcf7 no-js\" id=\"wpcf7-f18-o1\" lang=\"fr-FR\" dir=\"ltr\">\n<div class=\"screen-reader-response\"><p role=\"status\" aria-live=\"polite\" aria-atomic=\"true\"><\/p> <ul><\/ul><\/div>\n<form action=\"\/index.php\/wp-json\/wp\/v2\/pages\/2#wpcf7-f18-o1\" method=\"post\" class=\"wpcf7-form init\" aria-label=\"Formulaire de contact\" novalidate=\"novalidate\" data-status=\"init\">\n<div style=\"display: none;\">\n<input type=\"hidden\" name=\"_wpcf7\" value=\"18\" \/>\n<input type=\"hidden\" name=\"_wpcf7_version\" value=\"5.8.5\" \/>\n<input type=\"hidden\" name=\"_wpcf7_locale\" value=\"fr_FR\" \/>\n<input type=\"hidden\" name=\"_wpcf7_unit_tag\" value=\"wpcf7-f18-o1\" \/>\n<input type=\"hidden\" name=\"_wpcf7_container_post\" value=\"0\" \/>\n<input type=\"hidden\" name=\"_wpcf7_posted_data_hash\" value=\"\" \/>\n<input type=\"hidden\" name=\"_wpcf7cf_hidden_group_fields\" value=\"[]\" \/>\n<input type=\"hidden\" name=\"_wpcf7cf_hidden_groups\" value=\"[]\" \/>\n<input type=\"hidden\" name=\"_wpcf7cf_visible_groups\" value=\"[]\" \/>\n<input type=\"hidden\" name=\"_wpcf7cf_repeaters\" value=\"[]\" \/>\n<input type=\"hidden\" name=\"_wpcf7cf_steps\" value=\"{}\" \/>\n<input type=\"hidden\" name=\"_wpcf7cf_options\" value=\"{&quot;form_id&quot;:18,&quot;conditions&quot;:[{&quot;then_field&quot;:&quot;demande-intervention&quot;,&quot;and_rules&quot;:[{&quot;if_field&quot;:&quot;demande&quot;,&quot;operator&quot;:&quot;equals&quot;,&quot;if_value&quot;:&quot;Demande d&#039;intervention&quot;}]},{&quot;then_field&quot;:&quot;autre&quot;,&quot;and_rules&quot;:[{&quot;if_field&quot;:&quot;type-materiel&quot;,&quot;operator&quot;:&quot;equals&quot;,&quot;if_value&quot;:&quot;Autre&quot;}]},{&quot;then_field&quot;:&quot;description&quot;,&quot;and_rules&quot;:[{&quot;if_field&quot;:&quot;type-materiel&quot;,&quot;operator&quot;:&quot;equals&quot;,&quot;if_value&quot;:&quot;Pc&quot;}]},{&quot;then_field&quot;:&quot;description&quot;,&quot;and_rules&quot;:[{&quot;if_field&quot;:&quot;type-materiel&quot;,&quot;operator&quot;:&quot;equals&quot;,&quot;if_value&quot;:&quot;Mac&quot;}]},{&quot;then_field&quot;:&quot;demande-devis&quot;,&quot;and_rules&quot;:[{&quot;if_field&quot;:&quot;demande&quot;,&quot;operator&quot;:&quot;equals&quot;,&quot;if_value&quot;:&quot;Demande de devis (mat\\u00e9riel uniquement)&quot;}]},{&quot;then_field&quot;:&quot;autre-devis&quot;,&quot;and_rules&quot;:[{&quot;if_field&quot;:&quot;type-materiel-devis&quot;,&quot;operator&quot;:&quot;equals&quot;,&quot;if_value&quot;:&quot;Autre&quot;}]},{&quot;then_field&quot;:&quot;message-demande-devis&quot;,&quot;and_rules&quot;:[{&quot;if_field&quot;:&quot;demande&quot;,&quot;operator&quot;:&quot;equals&quot;,&quot;if_value&quot;:&quot;Demande de devis (mat\\u00e9riel uniquement)&quot;}]}],&quot;settings&quot;:{&quot;animation&quot;:&quot;yes&quot;,&quot;animation_intime&quot;:200,&quot;animation_outtime&quot;:200,&quot;conditions_ui&quot;:&quot;normal&quot;,&quot;notice_dismissed&quot;:false}}\" \/>\n<input type=\"hidden\" name=\"_wpcf7_recaptcha_response\" value=\"\" \/>\n<\/div>\n                <style>\n                    .uacf7-uacf7style-18 label {\n                        color: ;\n                        background-color: ;\n                        font-size: 14px;\n                        font-family: Roboto;\n                        font-style: normal;\n                        font-weight: normal;\n                        padding-top: 10px;\n                        padding-right: px;\n                        padding-bottom: px;\n                        padding-left: px;\n                        margin-top: px;\n                        margin-right: px;\n                        margin-bottom: px;\n                        margin-left: px;\n                    }\n                    .uacf7-uacf7style-18 input[type=\"email\"],\n                    .uacf7-uacf7style-18 input[type=\"number\"],\n                    .uacf7-uacf7style-18 input[type=\"password\"],\n                    .uacf7-uacf7style-18 input[type=\"search\"],\n                    .uacf7-uacf7style-18 input[type=\"tel\"],\n                    .uacf7-uacf7style-18 input[type=\"text\"],\n                    .uacf7-uacf7style-18 input[type=\"url\"],\n                    .uacf7-uacf7style-18 input[type=\"date\"],\n                    .uacf7-uacf7style-18 select,\n                    .uacf7-uacf7style-18 textarea {\n                        color: ;\n                        background-color: ;\n                        font-size: 14px;\n                        font-family: Roboto;\n                        font-style: normal;\n                        font-weight: normal;\n                        height: px;\n                        border-width: px;\n                        border-color: ;\n                        border-style: aucune;\n                        border-radius: px;\n                        padding-top: px;\n                        padding-right: px;\n                        padding-bottom: px;\n                        padding-left: px;\n                        margin-top: 10px;\n                        margin-right: px;\n                        margin-bottom: px;\n                        margin-left: px;\n                    }\n                    .uacf7-uacf7style-18 .wpcf7-radio span,\n                    .uacf7-uacf7style-18 .wpcf7-checkbox span {\n                        color: ;\n                        font-size: 14px;\n                        font-family: Roboto;\n                        font-style: normal;\n                        font-weight: normal;\n                    }\n                    .uacf7-uacf7style-18 textarea {\n                        height: px;\n                    }\n                    .wpcf7-form-control-wrap select {\n                        width: 100%;\n                    }\n                    .uacf7-uacf7style-18 input[type=\"submit\"] {\n                        color: ;\n                        background-color: ;\n                        font-size: px;\n                        font-family: Roboto;\n                        font-style: normal;\n                        font-weight: normal;\n                        border-width: px;\n                        border-color: ;\n                        border-style: aucune;\n                        border-radius: px;\n                        width: 50%;\n                        padding-top: px;\n                        padding-right: px;\n                        padding-bottom: px;\n                        padding-left: px;\n                        margin-top: px;\n                        margin-right: px;\n                        margin-bottom: px;\n                        margin-left: px;\n                    }\n                    .uacf7-uacf7style-18 input[type=\"submit\"]:hover {\n                        color: ;\n                        background-color: ;\n                        border-color: ;\n                    }\n                                    <\/style>\n                <div class=\"uacf7-uacf7style uacf7-uacf7style-18\">            <style>\n                .uacf7-form-18 ::placeholder {\n                    color: ;\n                    background-color: ;\n                    font-size: px;\n                    font-family: ;\n                    font-style: normal;\n                    font-weight: normal;\n                }\n                .uacf7-form-18 ::-webkit-input-placeholder { \/* Edge *\/\n                    color: ;\n                    background-color: ;\n                    font-size: px;\n                    font-family: ;\n                    font-style: normal;\n                    font-weight: normal;\n                }\n                .uacf7-form-18 :-ms-input-placeholder { \/* Internet Explorer 10-11 *\/\n                    color: ;\n                    background-color: ;\n                    font-size: px;\n                    font-family: ;\n                    font-style: normal;\n                    font-weight: normal;\n                }\n            <\/style>\n            <div class=\"uacf7-form-18\"><div class=\"uacf7-row\"><div class=\"uacf7-col-6\"> <span class=\"wpcf7-form-control-wrap\" data-name=\"Nom\"><input size=\"40\" class=\"wpcf7-form-control wpcf7-text wpcf7-validates-as-required\" aria-required=\"true\" aria-invalid=\"false\" placeholder=\"Votre nom\" value=\"\" type=\"text\" name=\"Nom\" \/><\/span> <\/div><div class=\"uacf7-col-6\"> <span class=\"wpcf7-form-control-wrap\" data-name=\"prenom\"><input size=\"40\" class=\"wpcf7-form-control wpcf7-text\" aria-invalid=\"false\" placeholder=\"Votre pr\u00e9nom\" value=\"\" type=\"text\" name=\"prenom\" \/><\/span> <\/div><\/div>\n\n<div class=\"uacf7-row\"><div class=\"uacf7-col-6\"> <span class=\"wpcf7-form-control-wrap\" data-name=\"e-mail\"><input size=\"40\" class=\"wpcf7-form-control wpcf7-email wpcf7-validates-as-required wpcf7-text wpcf7-validates-as-email\" aria-required=\"true\" aria-invalid=\"false\" placeholder=\"Votre e-mail\" value=\"\" type=\"email\" name=\"e-mail\" \/><\/span> <\/div><div class=\"uacf7-col-6\"> <span class=\"wpcf7-form-control-wrap\" data-name=\"tel\"><input size=\"40\" class=\"wpcf7-form-control wpcf7-tel wpcf7-validates-as-required wpcf7-text wpcf7-validates-as-tel\" aria-required=\"true\" aria-invalid=\"false\" placeholder=\"Votre t\u00e9l\u00e9phone\" value=\"\" type=\"tel\" name=\"tel\" \/><\/span> <\/div><\/div>\n\n<div class=\"uacf7-row\"><div class=\"uacf7-col-12\"> <span class=\"wpcf7-form-control-wrap\" data-name=\"Adresse\"><input size=\"40\" class=\"wpcf7-form-control wpcf7-text\" aria-invalid=\"false\" placeholder=\"Votre adresse\" value=\"\" type=\"text\" name=\"Adresse\" \/><\/span> <\/div><\/div>\n\n<div class=\"uacf7-row\"><div class=\"uacf7-col-6\"> <span class=\"wpcf7-form-control-wrap\" data-name=\"Codepostal\"><input size=\"40\" class=\"wpcf7-form-control wpcf7-text wpcf7-validates-as-required\" aria-required=\"true\" aria-invalid=\"false\" placeholder=\"Code postal\" value=\"\" type=\"text\" name=\"Codepostal\" \/><\/span> <\/div><div class=\"uacf7-col-6\"> <span class=\"wpcf7-form-control-wrap\" data-name=\"Ville\"><input size=\"40\" class=\"wpcf7-form-control wpcf7-text wpcf7-validates-as-required\" aria-required=\"true\" aria-invalid=\"false\" placeholder=\"Ville\" value=\"\" type=\"text\" name=\"Ville\" \/><\/span> <\/div><\/div>\n\n&nbsp;\n\n<span class=\"wpcf7-form-control-wrap\" data-name=\"demande\"><span class=\"wpcf7-form-control wpcf7-radio\"><span class=\"wpcf7-list-item first\"><label><input type=\"radio\" name=\"demande\" value=\"Demande d&#039;intervention\" \/><span class=\"wpcf7-list-item-label\">Demande d&#039;intervention<\/span><\/label><\/span><span class=\"wpcf7-list-item last\"><label><input type=\"radio\" name=\"demande\" value=\"Demande de devis (mat\u00e9riel uniquement)\" \/><span class=\"wpcf7-list-item-label\">Demande de devis (mat\u00e9riel uniquement)<\/span><\/label><\/span><\/span><\/span>\n\n&nbsp;\n\n<div data-id=\"demande-intervention\" data-orig_data_id=\"demande-intervention\" data-clear_on_hide data-class=\"wpcf7cf_group\">\n    Type de mat\u00e9riel<span class=\"wpcf7-form-control-wrap\" data-name=\"type-materiel\"><span class=\"wpcf7-form-control wpcf7-radio\"><span class=\"wpcf7-list-item first\"><label><input type=\"radio\" name=\"type-materiel\" value=\"Pc\" checked=\"checked\" \/><span class=\"wpcf7-list-item-label\">Pc<\/span><\/label><\/span><span class=\"wpcf7-list-item\"><label><input type=\"radio\" name=\"type-materiel\" value=\"Mac\" \/><span class=\"wpcf7-list-item-label\">Mac<\/span><\/label><\/span><span class=\"wpcf7-list-item\"><label><input type=\"radio\" name=\"type-materiel\" value=\"Ipad\" \/><span class=\"wpcf7-list-item-label\">Ipad<\/span><\/label><\/span><span class=\"wpcf7-list-item\"><label><input type=\"radio\" name=\"type-materiel\" value=\"Tablette Andro\u00efd\" \/><span class=\"wpcf7-list-item-label\">Tablette Andro\u00efd<\/span><\/label><\/span><span class=\"wpcf7-list-item\"><label><input type=\"radio\" name=\"type-materiel\" value=\"Iphone\" \/><span class=\"wpcf7-list-item-label\">Iphone<\/span><\/label><\/span><span class=\"wpcf7-list-item last\"><label><input type=\"radio\" name=\"type-materiel\" value=\"Autre\" \/><span class=\"wpcf7-list-item-label\">Autre<\/span><\/label><\/span><\/span><\/span>\n\n    <span data-id=\"autre\" data-orig_data_id=\"autre\" data-clear_on_hide data-class=\"wpcf7cf_group\"><span class=\"wpcf7-form-control-wrap\" data-name=\"autre\"><input size=\"40\" class=\"wpcf7-form-control wpcf7-text\" aria-invalid=\"false\" placeholder=\"Pr\u00e9cisez\" value=\"\" type=\"text\" name=\"autre\" \/><\/span><\/span>\n\n    <span data-id=\"description\" data-orig_data_id=\"description\" data-clear_on_hide data-class=\"wpcf7cf_group\"><h3>Description du probl\u00e8me en quelques mots<\/h3><span class=\"wpcf7-form-control-wrap\" data-name=\"description\"><textarea cols=\"40\" rows=\"10\" class=\"wpcf7-form-control wpcf7-textarea wpcf7-validates-as-required\" aria-required=\"true\" aria-invalid=\"false\" name=\"description\"><\/textarea><\/span><\/span>\n\n<\/div>\n\n<div data-id=\"demande-devis\" data-orig_data_id=\"demande-devis\" data-clear_on_hide data-class=\"wpcf7cf_group\">\n    Type de mat\u00e9riel<span class=\"wpcf7-form-control-wrap\" data-name=\"type-materiel-devis\"><span class=\"wpcf7-form-control wpcf7-radio\"><span class=\"wpcf7-list-item first\"><label><input type=\"radio\" name=\"type-materiel-devis\" value=\"Pc\" checked=\"checked\" \/><span class=\"wpcf7-list-item-label\">Pc<\/span><\/label><\/span><span class=\"wpcf7-list-item\"><label><input type=\"radio\" name=\"type-materiel-devis\" value=\"Mac\" \/><span class=\"wpcf7-list-item-label\">Mac<\/span><\/label><\/span><span class=\"wpcf7-list-item\"><label><input type=\"radio\" name=\"type-materiel-devis\" value=\"Tablette\" \/><span class=\"wpcf7-list-item-label\">Tablette<\/span><\/label><\/span><span class=\"wpcf7-list-item\"><label><input type=\"radio\" name=\"type-materiel-devis\" value=\"Iphone\" \/><span class=\"wpcf7-list-item-label\">Iphone<\/span><\/label><\/span><span class=\"wpcf7-list-item\"><label><input type=\"radio\" name=\"type-materiel-devis\" value=\"Imprimante\" \/><span class=\"wpcf7-list-item-label\">Imprimante<\/span><\/label><\/span><span class=\"wpcf7-list-item\"><label><input type=\"radio\" name=\"type-materiel-devis\" value=\"Vid\u00e9osurveillance\" \/><span class=\"wpcf7-list-item-label\">Vid\u00e9osurveillance<\/span><\/label><\/span><span class=\"wpcf7-list-item last\"><label><input type=\"radio\" name=\"type-materiel-devis\" value=\"Autre\" \/><span class=\"wpcf7-list-item-label\">Autre<\/span><\/label><\/span><\/span><\/span>\n    <span data-id=\"autre-devis\" data-orig_data_id=\"autre-devis\" data-clear_on_hide data-class=\"wpcf7cf_group\"><span class=\"wpcf7-form-control-wrap\" data-name=\"autre-devis\"><input size=\"40\" class=\"wpcf7-form-control wpcf7-text\" aria-invalid=\"false\" placeholder=\"Pr\u00e9cisez\" value=\"\" type=\"text\" name=\"autre-devis\" \/><\/span><\/span>\n\n<\/div>\n\n&nbsp;\n\n\n <h3>Disponibilit\u00e9 <\/h3><span class=\"wpcf7-form-control-wrap\" data-name=\"date-753\"><input class=\"wpcf7-form-control wpcf7-date wpcf7-validates-as-date\" aria-invalid=\"false\" value=\"\" type=\"date\" name=\"date-753\" \/><\/span>\n\n\n&nbsp;\n&nbsp;\n\n<div data-id=\"message-demande-devis\" data-orig_data_id=\"message-demande-devis\" data-clear_on_hide data-class=\"wpcf7cf_group\"><h3><center>VALIDEZ VOTRE DEMANDE ICI  ON VOUS R\u00c9POND DANS L\u2019HEURE !<\/center><\/h3><\/div>\n<div class=\"uacf7-row\"><div class=\"uacf7-col-4\"> &nbsp; <\/div><div class=\"uacf7-col-4\"> <input class=\"wpcf7-form-control wpcf7-submit has-spinner\" type=\"submit\" value=\"Envoyer\" \/> <\/div><div class=\"uacf7-col-4\"> &nbsp; <\/div><\/div><\/div><\/div><div class=\"wpcf7-response-output\" aria-hidden=\"true\"><\/div>\n<\/form>\n<\/div>\n<\/div>\t\t<\/div>\n\t\t\t\t<\/div>\n\t\t\t\t\t<\/div>\n\t\t<\/div>\n\t\t\t\t<div class=\"elementor-column elementor-col-33 elementor-top-column elementor-element elementor-element-d281aa9\" data-id=\"d281aa9\" data-element_type=\"column\">\n\t\t\t<div class=\"elementor-widget-wrap\">\n\t\t\t\t\t\t\t\t\t<\/div>\n\t\t<\/div>\n\t\t\t\t\t\t\t<\/div>\n\t\t<\/section>\n\t\t\t\t\t\t\t<\/div>\n\t\t","protected":false},"excerpt":{"rendered":"<p>Demande d&#8217;intervention \u00e0 domicile Demande de Devis mat\u00e9riel Type de mat\u00e9rielPcMacIpadTablette Andro\u00efdIphone Description du probl\u00e8me en quelques mots VALIDEZ VOTRE DEMANDE ICI ON VOUS R\u00c9POND DANS L\u2019HEURE ! &nbsp; &nbsp;<\/p>\n","protected":false},"author":1,"featured_media":0,"parent":0,"menu_order":0,"comment_status":"closed","ping_status":"closed","template":"elementor_canvas","meta":{"footnotes":""},"class_list":["post-2","page","type-page","status-publish","hentry"],"_links":{"self":[{"href":"https:\/\/lsamultimedia.fr\/index.php\/wp-json\/wp\/v2\/pages\/2","targetHints":{"allow":["GET"]}}],"collection":[{"href":"https:\/\/lsamultimedia.fr\/index.php\/wp-json\/wp\/v2\/pages"}],"about":[{"href":"https:\/\/lsamultimedia.fr\/index.php\/wp-json\/wp\/v2\/types\/page"}],"author":[{"embeddable":true,"href":"https:\/\/lsamultimedia.fr\/index.php\/wp-json\/wp\/v2\/users\/1"}],"replies":[{"embeddable":true,"href":"https:\/\/lsamultimedia.fr\/index.php\/wp-json\/wp\/v2\/comments?post=2"}],"version-history":[{"count":40,"href":"https:\/\/lsamultimedia.fr\/index.php\/wp-json\/wp\/v2\/pages\/2\/revisions"}],"predecessor-version":[{"id":65,"href":"https:\/\/lsamultimedia.fr\/index.php\/wp-json\/wp\/v2\/pages\/2\/revisions\/65"}],"wp:attachment":[{"href":"https:\/\/lsamultimedia.fr\/index.php\/wp-json\/wp\/v2\/media?parent=2"}],"curies":[{"name":"wp","href":"https:\/\/api.w.org\/{rel}","templated":true}]}}